{"id":364,"date":"2025-04-08T22:03:40","date_gmt":"2025-04-08T22:03:40","guid":{"rendered":"https:\/\/sensorialsrl.com\/?page_id=364"},"modified":"2025-04-22T14:29:29","modified_gmt":"2025-04-22T14:29:29","slug":"quienes-somos","status":"publish","type":"page","link":"https:\/\/sensorialsrl.com\/index.php\/quienes-somos\/","title":{"rendered":""},"content":{"rendered":"\n<figure class=\"wp-block-image alignfull size-large\"><img fetchpriority=\"high\" decoding=\"async\" width=\"1024\" height=\"151\" src=\"https:\/\/sensorialsrl.com\/wp-content\/uploads\/2025\/04\/nosotros-1024x151.jpg\" alt=\"\" class=\"wp-image-496\" srcset=\"https:\/\/sensorialsrl.com\/wp-content\/uploads\/2025\/04\/nosotros-1024x151.jpg 1024w, https:\/\/sensorialsrl.com\/wp-content\/uploads\/2025\/04\/nosotros-600x88.jpg 600w, https:\/\/sensorialsrl.com\/wp-content\/uploads\/2025\/04\/nosotros-300x44.jpg 300w, https:\/\/sensorialsrl.com\/wp-content\/uploads\/2025\/04\/nosotros-768x113.jpg 768w, https:\/\/sensorialsrl.com\/wp-content\/uploads\/2025\/04\/nosotros-1536x226.jpg 1536w, https:\/\/sensorialsrl.com\/wp-content\/uploads\/2025\/04\/nosotros.jpg 1920w\" sizes=\"(max-width: 1024px) 100vw, 1024px\" \/><\/figure>\n\n\n\n<h2 class=\"wp-block-heading has-text-color has-link-color has-xx-large-font-size wp-elements-a8190d935f67fbaad830444bb0a5ad21\" style=\"color:#da291c;font-style:normal;font-weight:800\">Quienes Somos<\/h2>\n\n\n\n<p class=\"has-medium-font-size\">Somos una empresa productora y comercializadora de insumos alimenticios, con 26 a\u00f1os de experiencia en el mercado boliviano. En el a\u00f1o 1995 iniciamos bajo el nombre de Productos San Silvestre dedicandonos \u00fanica y exclusivamente a la producci\u00f3n de mejoradores de masa e importaci\u00f3n de insumos de helader\u00eda, con el pasar de los a\u00f1os ampliamos nuestra gama de productos y proveedores abarcando la provisi\u00f3n de insumos en panader\u00eda, reposter\u00eda, chocolater\u00eda, helader\u00eda, refrescos y embutidos.<\/p>\n\n\n\n<p class=\"has-medium-font-size\">Actualmente somos representantes oficiales en Bolivia de empresas reconocidas a nivel mundial como: Unigra (Italia), Simreys (Colombia), Kraky (Brasil), Marssul (Brasil), Lessafre (Argentina) y Focus (China); y contamos con sucursales en la ciudad de Santa Cruz, La Paz y Cochabamba (2). En 2020, inauguramos el primer y \u00fanico micromercado especializado en insumos para panader\u00eda, reposter\u00eda, chocolater\u00eda, helader\u00eda, refrescos y embutidos, consolid\u00e1ndonos como una de las empresas m\u00e1s reconocidas del sector en Bolivia.<\/p>\n\n\n\n<figure class=\"wp-block-image size-large\"><img decoding=\"async\" width=\"1024\" height=\"682\" src=\"https:\/\/sensorialsrl.com\/wp-content\/uploads\/2025\/03\/fondo-edificio-1024x682.jpg\" alt=\"\" class=\"wp-image-14\" srcset=\"https:\/\/sensorialsrl.com\/wp-content\/uploads\/2025\/03\/fondo-edificio-1024x682.jpg 1024w, https:\/\/sensorialsrl.com\/wp-content\/uploads\/2025\/03\/fondo-edificio-600x400.jpg 600w, https:\/\/sensorialsrl.com\/wp-content\/uploads\/2025\/03\/fondo-edificio-300x200.jpg 300w, https:\/\/sensorialsrl.com\/wp-content\/uploads\/2025\/03\/fondo-edificio-768x512.jpg 768w, https:\/\/sensorialsrl.com\/wp-content\/uploads\/2025\/03\/fondo-edificio-1536x1023.jpg 1536w, https:\/\/sensorialsrl.com\/wp-content\/uploads\/2025\/03\/fondo-edificio.jpg 1684w\" sizes=\"(max-width: 1024px) 100vw, 1024px\" \/><\/figure>\n\n\n\n<blockquote class=\"wp-block-quote is-layout-flow wp-block-quote-is-layout-flow\">\n<p class=\"has-medium-font-size\" style=\"font-style:italic;font-weight:300\">Nos enfocamos en entregarles productos de calidad, que garanticen resultados de primer nivel.<\/p>\n<\/blockquote>\n\n\n\n<h2 class=\"wp-block-heading has-text-color has-link-color has-montserrat-font-family has-xx-large-font-size wp-elements-7499cf7e93032fa1e8472cb34d5940f4\" style=\"color:#da291c;font-style:normal;font-weight:800\">Misi\u00f3n<\/h2>\n\n\n\n<p class=\"has-montserrat-font-family\">Somos una empresa boliviana dedicada a la producci\u00f3n y comercializaci\u00f3n de insumos alimenticios. Nuestro compromiso es brindar soluciones innovadoras, vers\u00e1tiles y de alta calidad, adaptadas a las necesidades de nuestros clientes, impulsando as\u00ed el desarrollo del sector alimentario.<\/p>\n\n\n\n<h2 class=\"wp-block-heading has-text-color has-link-color has-montserrat-font-family has-xx-large-font-size wp-elements-35c037feeb0c2f325514c8ab6e487f67\" style=\"color:#da291c;font-style:normal;font-weight:800\">Visi\u00f3n<\/h2>\n\n\n\n<p>Ser la empresa l\u00edder en insumos alimenticios en Bolivia, reconocida por la excelencia de sus productos, el profesionalismo de nuestro equipo y el valor que aportamos a cada uno de nuestros clientes.<\/p>\n\n\n\n<hr class=\"wp-block-separator has-alpha-channel-opacity\"\/>\n","protected":false},"excerpt":{"rendered":"<p>Quienes Somos Somos una empresa productora y comercializadora de insumos alimenticios, con 26 a\u00f1os de experiencia en el mercado boliviano. En el a\u00f1o 1995 iniciamos bajo el nombre de Productos San Silvestre dedicandonos \u00fanica y exclusivamente a la producci\u00f3n de mejoradores de masa e importaci\u00f3n de insumos de helader\u00eda, con el pasar de los a\u00f1os ampliamos nuestra gama de productos y proveedores abarcando la provisi\u00f3n de insumos en panader\u00eda, reposter\u00eda, chocolater\u00eda, helader\u00eda, refrescos y embutidos. Actualmente somos representantes oficiales en Bolivia de empresas reconocidas a nivel mundial como: Unigra (Italia), Simreys (Colombia), Kraky (Brasil), Marssul (Brasil), Lessafre (Argentina) y Focus (China); y contamos con sucursales en la ciudad de Santa Cruz, La Paz y Cochabamba (2). En 2020, inauguramos el primer y \u00fanico micromercado especializado en insumos para panader\u00eda, reposter\u00eda, chocolater\u00eda, helader\u00eda, refrescos y embutidos, consolid\u00e1ndonos como una de las empresas m\u00e1s reconocidas del sector en Bolivia. Nos enfocamos en entregarles productos de calidad, que garanticen resultados de primer nivel. Misi\u00f3n Somos una empresa boliviana dedicada a la producci\u00f3n y comercializaci\u00f3n de insumos alimenticios. Nuestro compromiso es brindar soluciones innovadoras, vers\u00e1tiles y de alta calidad, adaptadas a las necesidades de nuestros clientes, impulsando as\u00ed el desarrollo del sector alimentario. Visi\u00f3n Ser la empresa l\u00edder en insumos alimenticios en Bolivia, reconocida por la excelencia de sus productos, el profesionalismo de nuestro equipo y el valor que aportamos a cada uno de nuestros clientes.<\/p>\n","protected":false},"author":1,"featured_media":0,"parent":0,"menu_order":0,"comment_status":"closed","ping_status":"closed","template":"","meta":{"footnotes":""},"class_list":["post-364","page","type-page","status-publish","hentry"],"_links":{"self":[{"href":"https:\/\/sensorialsrl.com\/index.php\/wp-json\/wp\/v2\/pages\/364","targetHints":{"allow":["GET"]}}],"collection":[{"href":"https:\/\/sensorialsrl.com\/index.php\/wp-json\/wp\/v2\/pages"}],"about":[{"href":"https:\/\/sensorialsrl.com\/index.php\/wp-json\/wp\/v2\/types\/page"}],"author":[{"embeddable":true,"href":"https:\/\/sensorialsrl.com\/index.php\/wp-json\/wp\/v2\/users\/1"}],"replies":[{"embeddable":true,"href":"https:\/\/sensorialsrl.com\/index.php\/wp-json\/wp\/v2\/comments?post=364"}],"version-history":[{"count":12,"href":"https:\/\/sensorialsrl.com\/index.php\/wp-json\/wp\/v2\/pages\/364\/revisions"}],"predecessor-version":[{"id":568,"href":"https:\/\/sensorialsrl.com\/index.php\/wp-json\/wp\/v2\/pages\/364\/revisions\/568"}],"wp:attachment":[{"href":"https:\/\/sensorialsrl.com\/index.php\/wp-json\/wp\/v2\/media?parent=364"}],"curies":[{"name":"wp","href":"https:\/\/api.w.org\/{rel}","templated":true}]}}