{"id":368,"date":"2025-04-08T22:09:52","date_gmt":"2025-04-08T22:09:52","guid":{"rendered":"https:\/\/sensorialsrl.com\/?page_id=368"},"modified":"2025-08-19T14:35:10","modified_gmt":"2025-08-19T14:35:10","slug":"productos","status":"publish","type":"page","link":"https:\/\/sensorialsrl.com\/index.php\/productos\/","title":{"rendered":""},"content":{"rendered":"\n<h1 class=\"wp-block-heading alignfull has-text-align-center has-base-color has-text-color has-background has-link-color has-xx-large-font-size wp-elements-94fe6863eb3d795dd06ac2109418f0dd\" style=\"background:linear-gradient(135deg,rgb(218,41,28) 0%,rgb(235,65,53) 100%);font-style:normal;font-weight:800\">CATEGORIAS<\/h1>\n\n\n\n<div class=\"wp-block-media-text alignwide is-stacked-on-mobile\"><figure class=\"wp-block-media-text__media\"><a href=\"https:\/\/sensorialsrl.com\/index.php\/categoria-producto\/pasteleria\/\"><img fetchpriority=\"high\" decoding=\"async\" width=\"1024\" height=\"670\" src=\"https:\/\/sensorialsrl.com\/wp-content\/uploads\/2025\/04\/1-1024x670.jpg\" alt=\"\" class=\"wp-image-52 size-full\" srcset=\"https:\/\/sensorialsrl.com\/wp-content\/uploads\/2025\/04\/1-1024x670.jpg 1024w, https:\/\/sensorialsrl.com\/wp-content\/uploads\/2025\/04\/1-scaled-600x392.jpg 600w, https:\/\/sensorialsrl.com\/wp-content\/uploads\/2025\/04\/1-300x196.jpg 300w, https:\/\/sensorialsrl.com\/wp-content\/uploads\/2025\/04\/1-768x502.jpg 768w, https:\/\/sensorialsrl.com\/wp-content\/uploads\/2025\/04\/1-1536x1004.jpg 1536w, https:\/\/sensorialsrl.com\/wp-content\/uploads\/2025\/04\/1-2048x1339.jpg 2048w\" sizes=\"(max-width: 1024px) 100vw, 1024px\" \/><\/a><\/figure><div class=\"wp-block-media-text__content\">\n<p class=\"has-montserrat-font-family has-medium-font-size\">Aqu\u00ed encontrar\u00e1s una selecci\u00f3n de productos especialmente dise\u00f1ados para el \u00e1rea de reposter\u00eda.<\/p>\n\n\n\n<div class=\"wp-block-buttons is-layout-flex wp-block-buttons-is-layout-flex\">\n<div class=\"wp-block-button\"><a class=\"wp-block-button__link wp-element-button\" href=\"https:\/\/sensorialsrl.com\/index.php\/categoria-producto\/pasteleria\/\">M\u00e1s<\/a><\/div>\n<\/div>\n<\/div><\/div>\n\n\n\n<div class=\"wp-block-media-text alignwide has-media-on-the-right is-stacked-on-mobile\"><div class=\"wp-block-media-text__content\">\n<p class=\"has-montserrat-font-family has-medium-font-size\">Descubre nuestra gama de productos para el \u00e1rea de panader\u00eda.<\/p>\n\n\n\n<div class=\"wp-block-buttons is-layout-flex wp-block-buttons-is-layout-flex\">\n<div class=\"wp-block-button\"><a class=\"wp-block-button__link wp-element-button\" href=\"https:\/\/sensorialsrl.com\/index.php\/categoria-producto\/panaderia\/\">M\u00e1s<\/a><\/div>\n<\/div>\n<\/div><figure class=\"wp-block-media-text__media\"><a href=\"https:\/\/sensorialsrl.com\/index.php\/categoria-producto\/panaderia\/\"><img decoding=\"async\" width=\"1024\" height=\"670\" src=\"https:\/\/sensorialsrl.com\/wp-content\/uploads\/2025\/04\/21-1024x670.jpg\" alt=\"\" class=\"wp-image-61 size-full\" srcset=\"https:\/\/sensorialsrl.com\/wp-content\/uploads\/2025\/04\/21-1024x670.jpg 1024w, https:\/\/sensorialsrl.com\/wp-content\/uploads\/2025\/04\/21-scaled-600x392.jpg 600w, https:\/\/sensorialsrl.com\/wp-content\/uploads\/2025\/04\/21-300x196.jpg 300w, https:\/\/sensorialsrl.com\/wp-content\/uploads\/2025\/04\/21-768x502.jpg 768w, https:\/\/sensorialsrl.com\/wp-content\/uploads\/2025\/04\/21-1536x1004.jpg 1536w, https:\/\/sensorialsrl.com\/wp-content\/uploads\/2025\/04\/21-2048x1339.jpg 2048w\" sizes=\"(max-width: 1024px) 100vw, 1024px\" \/><\/a><\/figure><\/div>\n\n\n\n<div class=\"wp-block-media-text alignwide is-stacked-on-mobile\"><figure class=\"wp-block-media-text__media\"><a href=\"https:\/\/sensorialsrl.com\/index.php\/categoria-producto\/heladeria\/\"><img decoding=\"async\" width=\"1024\" height=\"670\" src=\"https:\/\/sensorialsrl.com\/wp-content\/uploads\/2025\/04\/32-1024x670.jpg\" alt=\"\" class=\"wp-image-62 size-full\" srcset=\"https:\/\/sensorialsrl.com\/wp-content\/uploads\/2025\/04\/32-1024x670.jpg 1024w, https:\/\/sensorialsrl.com\/wp-content\/uploads\/2025\/04\/32-scaled-600x392.jpg 600w, https:\/\/sensorialsrl.com\/wp-content\/uploads\/2025\/04\/32-300x196.jpg 300w, https:\/\/sensorialsrl.com\/wp-content\/uploads\/2025\/04\/32-768x502.jpg 768w, https:\/\/sensorialsrl.com\/wp-content\/uploads\/2025\/04\/32-1536x1004.jpg 1536w, https:\/\/sensorialsrl.com\/wp-content\/uploads\/2025\/04\/32-2048x1339.jpg 2048w\" sizes=\"(max-width: 1024px) 100vw, 1024px\" \/><\/a><\/figure><div class=\"wp-block-media-text__content\">\n<p class=\"has-montserrat-font-family has-medium-font-size\">Aqu\u00ed encontrar\u00e1s una amplia selecci\u00f3n de insumos para el \u00e1rea de helader\u00eda.<\/p>\n\n\n\n<div class=\"wp-block-buttons is-layout-flex wp-block-buttons-is-layout-flex\">\n<div class=\"wp-block-button\"><a class=\"wp-block-button__link wp-element-button\" href=\"https:\/\/sensorialsrl.com\/index.php\/categoria-producto\/heladeria\/\">M\u00e1s<\/a><\/div>\n<\/div>\n<\/div><\/div>\n\n\n\n<div class=\"wp-block-media-text alignwide has-media-on-the-right is-stacked-on-mobile\"><div class=\"wp-block-media-text__content\">\n<p class=\"has-montserrat-font-family has-medium-font-size\">Conoce nuestros insumos para la elaboraci\u00f3n de embutidos, dise\u00f1ados para garantizar calidad y sabor en cada bocado.<\/p>\n\n\n\n<div class=\"wp-block-buttons is-layout-flex wp-block-buttons-is-layout-flex\">\n<div class=\"wp-block-button\"><a class=\"wp-block-button__link wp-element-button\" href=\"https:\/\/sensorialsrl.com\/index.php\/categoria-producto\/embutidos\/\">M\u00e1s<\/a><\/div>\n<\/div>\n<\/div><figure class=\"wp-block-media-text__media\"><a href=\"https:\/\/sensorialsrl.com\/index.php\/categoria-producto\/embutidos\/\"><img loading=\"lazy\" decoding=\"async\" width=\"1024\" height=\"670\" src=\"https:\/\/sensorialsrl.com\/wp-content\/uploads\/2025\/04\/40-1024x670.jpg\" alt=\"\" class=\"wp-image-63 size-full\" srcset=\"https:\/\/sensorialsrl.com\/wp-content\/uploads\/2025\/04\/40-1024x670.jpg 1024w, https:\/\/sensorialsrl.com\/wp-content\/uploads\/2025\/04\/40-scaled-600x392.jpg 600w, https:\/\/sensorialsrl.com\/wp-content\/uploads\/2025\/04\/40-300x196.jpg 300w, https:\/\/sensorialsrl.com\/wp-content\/uploads\/2025\/04\/40-768x502.jpg 768w, https:\/\/sensorialsrl.com\/wp-content\/uploads\/2025\/04\/40-1536x1004.jpg 1536w, https:\/\/sensorialsrl.com\/wp-content\/uploads\/2025\/04\/40-2048x1339.jpg 2048w\" sizes=\"(max-width: 1024px) 100vw, 1024px\" \/><\/a><\/figure><\/div>\n\n\n\n<div class=\"wp-block-media-text alignwide is-stacked-on-mobile\"><figure class=\"wp-block-media-text__media\"><a href=\"https:\/\/sensorialsrl.com\/index.php\/categoria-producto\/cafeteria\/\"><img loading=\"lazy\" decoding=\"async\" width=\"1024\" height=\"670\" src=\"https:\/\/sensorialsrl.com\/wp-content\/uploads\/2025\/04\/52-1024x670.jpg\" alt=\"\" class=\"wp-image-64 size-full\" srcset=\"https:\/\/sensorialsrl.com\/wp-content\/uploads\/2025\/04\/52-1024x670.jpg 1024w, https:\/\/sensorialsrl.com\/wp-content\/uploads\/2025\/04\/52-scaled-600x392.jpg 600w, https:\/\/sensorialsrl.com\/wp-content\/uploads\/2025\/04\/52-300x196.jpg 300w, https:\/\/sensorialsrl.com\/wp-content\/uploads\/2025\/04\/52-768x502.jpg 768w, https:\/\/sensorialsrl.com\/wp-content\/uploads\/2025\/04\/52-1536x1004.jpg 1536w, https:\/\/sensorialsrl.com\/wp-content\/uploads\/2025\/04\/52-2048x1339.jpg 2048w\" sizes=\"(max-width: 1024px) 100vw, 1024px\" \/><\/a><\/figure><div class=\"wp-block-media-text__content\">\n<p class=\"has-montserrat-font-family has-medium-font-size\">Aqu\u00ed encontrar\u00e1s una variedad de productos esenciales para ofrecer las mejores bebidas y delicias a tus clientes.<\/p>\n\n\n\n<div class=\"wp-block-buttons is-layout-flex wp-block-buttons-is-layout-flex\">\n<div class=\"wp-block-button\"><a class=\"wp-block-button__link wp-element-button\" href=\"https:\/\/sensorialsrl.com\/index.php\/categoria-producto\/cafeteria\/\">M\u00e1s<\/a><\/div>\n<\/div>\n<\/div><\/div>\n\n\n\n<div class=\"wp-block-media-text alignwide has-media-on-the-right is-stacked-on-mobile\"><div class=\"wp-block-media-text__content\">\n<p class=\"has-montserrat-font-family has-medium-font-size\">\u00bfQuieres crear recetas deliciosas con chocolate? Aqu\u00ed encontrar\u00e1s los insumos perfectos para hacer de tus creaciones dulces todo un \u00e9xito.<\/p>\n\n\n\n<div class=\"wp-block-buttons is-layout-flex wp-block-buttons-is-layout-flex\">\n<div class=\"wp-block-button\"><a class=\"wp-block-button__link wp-element-button\" href=\"https:\/\/sensorialsrl.com\/index.php\/categoria-producto\/chocolateria\/\">M\u00e1s<\/a><\/div>\n<\/div>\n<\/div><figure class=\"wp-block-media-text__media\"><a href=\"https:\/\/sensorialsrl.com\/index.php\/categoria-producto\/chocolateria\/\"><img loading=\"lazy\" decoding=\"async\" width=\"1024\" height=\"670\" src=\"https:\/\/sensorialsrl.com\/wp-content\/uploads\/2025\/04\/82-1024x670.jpg\" alt=\"\" class=\"wp-image-69 size-full\" srcset=\"https:\/\/sensorialsrl.com\/wp-content\/uploads\/2025\/04\/82-1024x670.jpg 1024w, https:\/\/sensorialsrl.com\/wp-content\/uploads\/2025\/04\/82-scaled-600x392.jpg 600w, https:\/\/sensorialsrl.com\/wp-content\/uploads\/2025\/04\/82-300x196.jpg 300w, https:\/\/sensorialsrl.com\/wp-content\/uploads\/2025\/04\/82-768x502.jpg 768w, https:\/\/sensorialsrl.com\/wp-content\/uploads\/2025\/04\/82-1536x1004.jpg 1536w, https:\/\/sensorialsrl.com\/wp-content\/uploads\/2025\/04\/82-2048x1339.jpg 2048w\" sizes=\"(max-width: 1024px) 100vw, 1024px\" \/><\/a><\/figure><\/div>\n\n\n\n<div class=\"wp-block-media-text alignwide is-stacked-on-mobile\"><figure class=\"wp-block-media-text__media\"><a href=\"https:\/\/sensorialsrl.com\/index.php\/categoria-producto\/colorantes\/\"><img loading=\"lazy\" decoding=\"async\" width=\"1024\" height=\"670\" src=\"https:\/\/sensorialsrl.com\/wp-content\/uploads\/2025\/04\/61-1024x670.jpg\" alt=\"\" class=\"wp-image-66 size-full\" srcset=\"https:\/\/sensorialsrl.com\/wp-content\/uploads\/2025\/04\/61-1024x670.jpg 1024w, https:\/\/sensorialsrl.com\/wp-content\/uploads\/2025\/04\/61-scaled-600x392.jpg 600w, https:\/\/sensorialsrl.com\/wp-content\/uploads\/2025\/04\/61-300x196.jpg 300w, https:\/\/sensorialsrl.com\/wp-content\/uploads\/2025\/04\/61-768x502.jpg 768w, https:\/\/sensorialsrl.com\/wp-content\/uploads\/2025\/04\/61-1536x1004.jpg 1536w, https:\/\/sensorialsrl.com\/wp-content\/uploads\/2025\/04\/61-2048x1339.jpg 2048w\" sizes=\"(max-width: 1024px) 100vw, 1024px\" \/><\/a><\/figure><div class=\"wp-block-media-text__content\">\n<p class=\"has-montserrat-font-family has-medium-font-size\">Aqu\u00ed encontrar\u00e1s una amplia gama de colores vibrantes que har\u00e1n destacar tus creaciones y a\u00f1adir\u00e1n un toque festivo a tus dulces.<\/p>\n\n\n\n<div class=\"wp-block-buttons is-layout-flex wp-block-buttons-is-layout-flex\">\n<div class=\"wp-block-button\"><a class=\"wp-block-button__link wp-element-button\" href=\"https:\/\/sensorialsrl.com\/index.php\/categoria-producto\/colorantes\/\">M\u00e1s<\/a><\/div>\n<\/div>\n<\/div><\/div>\n\n\n\n<div class=\"wp-block-media-text alignwide has-media-on-the-right is-stacked-on-mobile\"><div class=\"wp-block-media-text__content\">\n<p class=\"has-montserrat-font-family has-medium-font-size\">Aqu\u00ed encontrar\u00e1s una variedad de aromas naturales que realzar\u00e1n el sabor de tus recetas y dar\u00e1n un toque especial a tus creaciones culinarias.<\/p>\n\n\n\n<div class=\"wp-block-buttons is-layout-flex wp-block-buttons-is-layout-flex\">\n<div class=\"wp-block-button\"><a class=\"wp-block-button__link wp-element-button\" href=\"https:\/\/sensorialsrl.com\/index.php\/categoria-producto\/aromas\/\">M\u00e1s<\/a><\/div>\n<\/div>\n<\/div><figure class=\"wp-block-media-text__media\"><a href=\"https:\/\/sensorialsrl.com\/index.php\/categoria-producto\/aromas\/\"><img loading=\"lazy\" decoding=\"async\" width=\"1024\" height=\"670\" src=\"https:\/\/sensorialsrl.com\/wp-content\/uploads\/2025\/04\/65-1024x670.jpg\" alt=\"\" class=\"wp-image-68 size-full\" srcset=\"https:\/\/sensorialsrl.com\/wp-content\/uploads\/2025\/04\/65-1024x670.jpg 1024w, https:\/\/sensorialsrl.com\/wp-content\/uploads\/2025\/04\/65-scaled-600x392.jpg 600w, https:\/\/sensorialsrl.com\/wp-content\/uploads\/2025\/04\/65-300x196.jpg 300w, https:\/\/sensorialsrl.com\/wp-content\/uploads\/2025\/04\/65-768x502.jpg 768w, https:\/\/sensorialsrl.com\/wp-content\/uploads\/2025\/04\/65-1536x1004.jpg 1536w, https:\/\/sensorialsrl.com\/wp-content\/uploads\/2025\/04\/65-2048x1339.jpg 2048w\" sizes=\"(max-width: 1024px) 100vw, 1024px\" \/><\/a><\/figure><\/div>\n\n\n\n<div class=\"wp-block-media-text alignwide is-stacked-on-mobile\"><figure class=\"wp-block-media-text__media\"><a href=\"https:\/\/sensorialsrl.com\/index.php\/categoria-producto\/espesantes\/\"><img loading=\"lazy\" decoding=\"async\" width=\"1024\" height=\"670\" src=\"https:\/\/sensorialsrl.com\/wp-content\/uploads\/2025\/04\/72-1024x670.jpg\" alt=\"\" class=\"wp-image-71 size-full\" srcset=\"https:\/\/sensorialsrl.com\/wp-content\/uploads\/2025\/04\/72-1024x670.jpg 1024w, https:\/\/sensorialsrl.com\/wp-content\/uploads\/2025\/04\/72-scaled-600x392.jpg 600w, https:\/\/sensorialsrl.com\/wp-content\/uploads\/2025\/04\/72-300x196.jpg 300w, https:\/\/sensorialsrl.com\/wp-content\/uploads\/2025\/04\/72-768x502.jpg 768w, https:\/\/sensorialsrl.com\/wp-content\/uploads\/2025\/04\/72-1536x1004.jpg 1536w, https:\/\/sensorialsrl.com\/wp-content\/uploads\/2025\/04\/72-2048x1339.jpg 2048w\" sizes=\"(max-width: 1024px) 100vw, 1024px\" \/><\/a><\/figure><div class=\"wp-block-media-text__content\">\n<p class=\"has-montserrat-font-family has-medium-font-size\">Nuestros insumos te ayudan a aumentar la viscosidad de l\u00edquidos en diversas preparaciones, como salsas, sopas y postres. \u00a1Son esenciales para lograr el equilibrio perfecto en tus recetas!<\/p>\n\n\n\n<div class=\"wp-block-buttons is-layout-flex wp-block-buttons-is-layout-flex\">\n<div class=\"wp-block-button\"><a class=\"wp-block-button__link wp-element-button\" href=\"https:\/\/sensorialsrl.com\/index.php\/categoria-producto\/espesantes\/\">M\u00e1s<\/a><\/div>\n<\/div>\n<\/div><\/div>\n\n\n\n<div class=\"wp-block-media-text alignwide has-media-on-the-right is-stacked-on-mobile\"><div class=\"wp-block-media-text__content\">\n<p class=\"has-montserrat-font-family has-medium-font-size\">\u00bfBuscas moldes para tus cupcakes, panetones, budines y m\u00e1s? Aqu\u00ed encontrar\u00e1s una variedad de moldes de calidad para dar forma a tus creaciones y hacerlas a\u00fan m\u00e1s irresistibles.<\/p>\n\n\n\n<div class=\"wp-block-buttons is-layout-flex wp-block-buttons-is-layout-flex\">\n<div class=\"wp-block-button\"><a class=\"wp-block-button__link wp-element-button\" href=\"https:\/\/sensorialsrl.com\/index.php\/moldes\/\">M\u00e1s<\/a><\/div>\n<\/div>\n<\/div><figure class=\"wp-block-media-text__media\"><a href=\"https:\/\/sensorialsrl.com\/index.php\/moldes\/\"><img loading=\"lazy\" decoding=\"async\" width=\"1024\" height=\"670\" src=\"https:\/\/sensorialsrl.com\/wp-content\/uploads\/2025\/04\/56-1024x670.jpg\" alt=\"\" class=\"wp-image-65 size-full\" srcset=\"https:\/\/sensorialsrl.com\/wp-content\/uploads\/2025\/04\/56-1024x670.jpg 1024w, https:\/\/sensorialsrl.com\/wp-content\/uploads\/2025\/04\/56-scaled-600x392.jpg 600w, https:\/\/sensorialsrl.com\/wp-content\/uploads\/2025\/04\/56-300x196.jpg 300w, https:\/\/sensorialsrl.com\/wp-content\/uploads\/2025\/04\/56-768x502.jpg 768w, https:\/\/sensorialsrl.com\/wp-content\/uploads\/2025\/04\/56-1536x1004.jpg 1536w, https:\/\/sensorialsrl.com\/wp-content\/uploads\/2025\/04\/56-2048x1339.jpg 2048w\" sizes=\"(max-width: 1024px) 100vw, 1024px\" \/><\/a><\/figure><\/div>\n","protected":false},"excerpt":{"rendered":"<p>CATEGORIAS<\/p>\n","protected":false},"author":1,"featured_media":0,"parent":0,"menu_order":0,"comment_status":"closed","ping_status":"closed","template":"","meta":{"footnotes":""},"class_list":["post-368","page","type-page","status-publish","hentry"],"_links":{"self":[{"href":"https:\/\/sensorialsrl.com\/index.php\/wp-json\/wp\/v2\/pages\/368","targetHints":{"allow":["GET"]}}],"collection":[{"href":"https:\/\/sensorialsrl.com\/index.php\/wp-json\/wp\/v2\/pages"}],"about":[{"href":"https:\/\/sensorialsrl.com\/index.php\/wp-json\/wp\/v2\/types\/page"}],"author":[{"embeddable":true,"href":"https:\/\/sensorialsrl.com\/index.php\/wp-json\/wp\/v2\/users\/1"}],"replies":[{"embeddable":true,"href":"https:\/\/sensorialsrl.com\/index.php\/wp-json\/wp\/v2\/comments?post=368"}],"version-history":[{"count":14,"href":"https:\/\/sensorialsrl.com\/index.php\/wp-json\/wp\/v2\/pages\/368\/revisions"}],"predecessor-version":[{"id":741,"href":"https:\/\/sensorialsrl.com\/index.php\/wp-json\/wp\/v2\/pages\/368\/revisions\/741"}],"wp:attachment":[{"href":"https:\/\/sensorialsrl.com\/index.php\/wp-json\/wp\/v2\/media?parent=368"}],"curies":[{"name":"wp","href":"https:\/\/api.w.org\/{rel}","templated":true}]}}