{"id":412,"date":"2025-04-10T12:59:36","date_gmt":"2025-04-10T12:59:36","guid":{"rendered":"https:\/\/sensorialsrl.com\/?page_id=412"},"modified":"2025-04-17T20:31:49","modified_gmt":"2025-04-17T20:31:49","slug":"chocolateria","status":"publish","type":"page","link":"https:\/\/sensorialsrl.com\/index.php\/chocolateria\/","title":{"rendered":""},"content":{"rendered":"\n<h1 class=\"wp-block-heading alignfull has-text-align-center has-base-color has-text-color has-background has-link-color has-xx-large-font-size wp-elements-debc6e116edef0346c25e2f7531ff943\" style=\"background:linear-gradient(135deg,rgb(105,71,36) 0%,rgb(171,117,63) 100%);font-style:normal;font-weight:800\">CHOCOLATER\u00cdA<\/h1>\n\n\n\n<div class=\"wp-block-media-text alignfull is-stacked-on-mobile\"><figure class=\"wp-block-media-text__media\"><img fetchpriority=\"high\" decoding=\"async\" width=\"1024\" height=\"1024\" src=\"https:\/\/sensorialsrl.com\/wp-content\/uploads\/2025\/04\/monedas-de-chocolate-1-1024x1024.jpg\" alt=\"\" class=\"wp-image-181 size-full\" srcset=\"https:\/\/sensorialsrl.com\/wp-content\/uploads\/2025\/04\/monedas-de-chocolate-1-1024x1024.jpg 1024w, https:\/\/sensorialsrl.com\/wp-content\/uploads\/2025\/04\/monedas-de-chocolate-1-300x300.jpg 300w, https:\/\/sensorialsrl.com\/wp-content\/uploads\/2025\/04\/monedas-de-chocolate-1-100x100.jpg 100w, https:\/\/sensorialsrl.com\/wp-content\/uploads\/2025\/04\/monedas-de-chocolate-1-600x600.jpg 600w, https:\/\/sensorialsrl.com\/wp-content\/uploads\/2025\/04\/monedas-de-chocolate-1-150x150.jpg 150w, https:\/\/sensorialsrl.com\/wp-content\/uploads\/2025\/04\/monedas-de-chocolate-1-768x768.jpg 768w, https:\/\/sensorialsrl.com\/wp-content\/uploads\/2025\/04\/monedas-de-chocolate-1.jpg 1080w\" sizes=\"(max-width: 1024px) 100vw, 1024px\" \/><\/figure><div class=\"wp-block-media-text__content\">\n<p class=\"has-xx-large-font-size\" style=\"font-style:normal;font-weight:800\">MONEDAS DE CHOCOLATE<\/p>\n\n\n\n<p class=\"has-text-align-justify is-style-text-subtitle has-montserrat-font-family has-small-font-size is-style-text-subtitle--1\" style=\"line-height:1.3\">\u00b7 Suced\u00e1neo con 20% de cacao.<br>\u00b7 Monedas de chocolate ideales para decoraci\u00f3n, bomboner\u00eda, caf\u00e9s, helados etc.<br>\u00b7 Elaborado a base de grasa vegetal.<br>\u00b7 Sabores:<br>&#8211; Semi Amargo<br>&#8211; Blanco<\/p>\n\n\n\n<p class=\"is-style-text-subtitle has-montserrat-font-family has-small-font-size is-style-text-subtitle--2\" style=\"font-style:normal;font-weight:500\">Presentaci\u00f3n:<br>Caja de 20 kg.<br>Bolsa de 1 kg.<br>Bolsa de 500 gr.<\/p>\n\n\n\n<p>COD:<\/p>\n\n\n\n<div class=\"wp-block-buttons is-layout-flex wp-block-buttons-is-layout-flex\">\n<div class=\"wp-block-button\"><a class=\"wp-block-button__link wp-element-button\" href=\"https:\/\/wa.link\/u7yddq\" target=\"_blank\" rel=\"noreferrer noopener\">Hacer pedido<\/a><\/div>\n<\/div>\n<\/div><\/div>\n\n\n\n<div class=\"wp-block-media-text alignfull is-stacked-on-mobile\"><figure class=\"wp-block-media-text__media\"><img decoding=\"async\" width=\"1024\" height=\"1024\" src=\"https:\/\/sensorialsrl.com\/wp-content\/uploads\/2025\/04\/chips-de-chocolate-1024x1024.jpg\" alt=\"\" class=\"wp-image-182 size-full\" srcset=\"https:\/\/sensorialsrl.com\/wp-content\/uploads\/2025\/04\/chips-de-chocolate-1024x1024.jpg 1024w, https:\/\/sensorialsrl.com\/wp-content\/uploads\/2025\/04\/chips-de-chocolate-300x300.jpg 300w, https:\/\/sensorialsrl.com\/wp-content\/uploads\/2025\/04\/chips-de-chocolate-100x100.jpg 100w, https:\/\/sensorialsrl.com\/wp-content\/uploads\/2025\/04\/chips-de-chocolate-600x600.jpg 600w, https:\/\/sensorialsrl.com\/wp-content\/uploads\/2025\/04\/chips-de-chocolate-150x150.jpg 150w, https:\/\/sensorialsrl.com\/wp-content\/uploads\/2025\/04\/chips-de-chocolate-768x768.jpg 768w, https:\/\/sensorialsrl.com\/wp-content\/uploads\/2025\/04\/chips-de-chocolate.jpg 1080w\" sizes=\"(max-width: 1024px) 100vw, 1024px\" \/><\/figure><div class=\"wp-block-media-text__content\">\n<p class=\"has-xx-large-font-size\" style=\"font-style:normal;font-weight:800\">CHIPS DE CHOCOLATE<\/p>\n\n\n\n<p class=\"has-small-font-size\" style=\"font-style:normal;font-weight:500;line-height:0.2\">Crema vegetal sabor chantilly<\/p>\n\n\n\n<p class=\"has-text-align-justify is-style-text-subtitle has-montserrat-font-family has-small-font-size is-style-text-subtitle--3\" style=\"line-height:1.3\">\u00b7 Chips de chocolate ideales para decoraci\u00f3n, bomboner\u00eda, caf\u00e9s, helados, elaboraci\u00f3n de panetonnes, galletas, etc.<br>\u00b7 Elaborado a base de grasa vegetal.<br>\u00b7 Sabor Semi amargo.<\/p>\n\n\n\n<p class=\"is-style-text-subtitle has-montserrat-font-family has-small-font-size is-style-text-subtitle--4\" style=\"font-style:normal;font-weight:500\">Presentaci\u00f3n:<br>Caja de 20 kg.<br>Bolsa de 1 kg.<br>Bolsa de 500 gr.<\/p>\n\n\n\n<p>COD:<\/p>\n\n\n\n<div class=\"wp-block-buttons is-layout-flex wp-block-buttons-is-layout-flex\">\n<div class=\"wp-block-button\"><a class=\"wp-block-button__link wp-element-button\" href=\"https:\/\/wa.link\/u7yddq\" target=\"_blank\" rel=\"noreferrer noopener\">Hacer pedido<\/a><\/div>\n<\/div>\n<\/div><\/div>\n\n\n\n<div class=\"wp-block-media-text alignfull is-stacked-on-mobile\"><figure class=\"wp-block-media-text__media\"><img decoding=\"async\" width=\"1024\" height=\"1024\" src=\"https:\/\/sensorialsrl.com\/wp-content\/uploads\/2025\/04\/cover-cacao-1024x1024.jpg\" alt=\"\" class=\"wp-image-99 size-full\" srcset=\"https:\/\/sensorialsrl.com\/wp-content\/uploads\/2025\/04\/cover-cacao-1024x1024.jpg 1024w, https:\/\/sensorialsrl.com\/wp-content\/uploads\/2025\/04\/cover-cacao-300x300.jpg 300w, https:\/\/sensorialsrl.com\/wp-content\/uploads\/2025\/04\/cover-cacao-100x100.jpg 100w, https:\/\/sensorialsrl.com\/wp-content\/uploads\/2025\/04\/cover-cacao-600x600.jpg 600w, https:\/\/sensorialsrl.com\/wp-content\/uploads\/2025\/04\/cover-cacao-150x150.jpg 150w, https:\/\/sensorialsrl.com\/wp-content\/uploads\/2025\/04\/cover-cacao-768x768.jpg 768w, https:\/\/sensorialsrl.com\/wp-content\/uploads\/2025\/04\/cover-cacao.jpg 1080w\" sizes=\"(max-width: 1024px) 100vw, 1024px\" \/><\/figure><div class=\"wp-block-media-text__content\">\n<p class=\"has-xx-large-font-size\" style=\"font-style:normal;font-weight:800\">COVER CACAO<\/p>\n\n\n\n<p class=\"has-small-font-size\" style=\"font-style:normal;font-weight:500;line-height:0.2\">Chocolate untable<\/p>\n\n\n\n<p class=\"is-style-text-subtitle has-montserrat-font-family has-small-font-size is-style-text-subtitle--5\" style=\"line-height:1.3\">\u00b7 Cobertura y relleno untable sabor chocolate (contiene 20% de cacao puro).<br>\u00b7 No contiene grasas hidrogenadas.<br>\u00b7 Ideal para cobertura de tortas.<br>\u00b7 Solo requiere calentar y untar.<\/p>\n\n\n\n<p class=\"is-style-text-subtitle has-montserrat-font-family has-small-font-size is-style-text-subtitle--6\" style=\"font-style:normal;font-weight:500\">Presentaci\u00f3n:<br>Balde de 5 kg.<br>Balde de 3 kg.<br>Bote de 1 kg.<br>Bote de 500 gr.<br>Bote de 200 gr.<br><\/p>\n\n\n\n<p class=\"has-small-font-size\" style=\"line-height:0.5\">COD: 30910143<\/p>\n\n\n\n<p class=\"has-small-font-size\" style=\"line-height:0.5\">COD: 10160054<\/p>\n\n\n\n<p>COD: 10160055<\/p>\n\n\n\n<div class=\"wp-block-buttons is-layout-flex wp-block-buttons-is-layout-flex\">\n<div class=\"wp-block-button\"><a class=\"wp-block-button__link wp-element-button\" href=\"https:\/\/wa.link\/u7yddq\" target=\"_blank\" rel=\"noreferrer noopener\">Hacer pedido<\/a><\/div>\n<\/div>\n<\/div><\/div>\n\n\n\n<div class=\"wp-block-media-text alignfull is-stacked-on-mobile\"><figure class=\"wp-block-media-text__media\"><img loading=\"lazy\" decoding=\"async\" width=\"1024\" height=\"1024\" src=\"https:\/\/sensorialsrl.com\/wp-content\/uploads\/2025\/04\/nutella-1024x1024.jpg\" alt=\"\" class=\"wp-image-97 size-full\" srcset=\"https:\/\/sensorialsrl.com\/wp-content\/uploads\/2025\/04\/nutella-1024x1024.jpg 1024w, https:\/\/sensorialsrl.com\/wp-content\/uploads\/2025\/04\/nutella-300x300.jpg 300w, https:\/\/sensorialsrl.com\/wp-content\/uploads\/2025\/04\/nutella-100x100.jpg 100w, https:\/\/sensorialsrl.com\/wp-content\/uploads\/2025\/04\/nutella-600x600.jpg 600w, https:\/\/sensorialsrl.com\/wp-content\/uploads\/2025\/04\/nutella-150x150.jpg 150w, https:\/\/sensorialsrl.com\/wp-content\/uploads\/2025\/04\/nutella-768x768.jpg 768w, https:\/\/sensorialsrl.com\/wp-content\/uploads\/2025\/04\/nutella.jpg 1080w\" sizes=\"(max-width: 1024px) 100vw, 1024px\" \/><\/figure><div class=\"wp-block-media-text__content\">\n<p class=\"has-xx-large-font-size\" style=\"font-style:normal;font-weight:800\">CREAM NUTS<\/p>\n\n\n\n<p class=\"has-small-font-size\" style=\"font-style:normal;font-weight:500;line-height:0.2\">Chocolate untable tipo nutella<\/p>\n\n\n\n<p class=\"is-style-text-subtitle has-montserrat-font-family has-small-font-size is-style-text-subtitle--7\" style=\"line-height:1.3\">\u00b7 Chocolate untable tipo nutella.<br>\u00b7 No contiene grasas hidrogenadas.<br>\u00b7 Ideal para rellenos de postres, tortas, croissants, etc.<\/p>\n\n\n\n<p class=\"is-style-text-subtitle has-montserrat-font-family has-small-font-size is-style-text-subtitle--8\" style=\"font-style:normal;font-weight:500\">Presentaci\u00f3n:<br>Balde de 13 kg.<br>Balde de 3 kg.<br>Manga de 1 kg.<br>Bote de 1 kg.<br>Bote de 500 gr.<br>Bote de 200 gr.<br><\/p>\n\n\n\n<p class=\"has-small-font-size\" style=\"line-height:0.5\">COD: 30910152<\/p>\n\n\n\n<p class=\"has-small-font-size\" style=\"line-height:0.5\">COD: 30910145<\/p>\n\n\n\n<p>COD: 10160065<\/p>\n\n\n\n<div class=\"wp-block-buttons is-layout-flex wp-block-buttons-is-layout-flex\">\n<div class=\"wp-block-button\"><a class=\"wp-block-button__link wp-element-button\" href=\"https:\/\/wa.link\/u7yddq\" target=\"_blank\" rel=\"noreferrer noopener\">Hacer pedido<\/a><\/div>\n<\/div>\n<\/div><\/div>\n\n\n\n<div class=\"wp-block-media-text alignfull is-stacked-on-mobile\"><figure class=\"wp-block-media-text__media\"><img loading=\"lazy\" decoding=\"async\" width=\"1024\" height=\"1024\" src=\"https:\/\/sensorialsrl.com\/wp-content\/uploads\/2025\/04\/ariba-1024x1024.jpg\" alt=\"\" class=\"wp-image-86 size-full\" srcset=\"https:\/\/sensorialsrl.com\/wp-content\/uploads\/2025\/04\/ariba-1024x1024.jpg 1024w, https:\/\/sensorialsrl.com\/wp-content\/uploads\/2025\/04\/ariba-300x300.jpg 300w, https:\/\/sensorialsrl.com\/wp-content\/uploads\/2025\/04\/ariba-100x100.jpg 100w, https:\/\/sensorialsrl.com\/wp-content\/uploads\/2025\/04\/ariba-600x600.jpg 600w, https:\/\/sensorialsrl.com\/wp-content\/uploads\/2025\/04\/ariba-150x150.jpg 150w, https:\/\/sensorialsrl.com\/wp-content\/uploads\/2025\/04\/ariba-768x768.jpg 768w, https:\/\/sensorialsrl.com\/wp-content\/uploads\/2025\/04\/ariba.jpg 1080w\" sizes=\"(max-width: 1024px) 100vw, 1024px\" \/><\/figure><div class=\"wp-block-media-text__content\">\n<p class=\"has-xx-large-font-size\" style=\"font-style:normal;font-weight:800\">CACAO EN POLVO<br>ARIBA<\/p>\n\n\n\n<p class=\"is-style-text-subtitle has-montserrat-font-family has-small-font-size is-style-text-subtitle--9\" style=\"line-height:1.3\">\u00b7 Cacao alcalino en polvo utilizado en la elaboraci\u00f3n de brownies, muffins, galletas y postres en general.<br>\u00b7 Utilizado tambi\u00e9n en el \u00e1rea de chocolater\u00eda y cafeter\u00eda.<br>\u00b7 Alcalino.<br>\u00b7 100% Cacao.<\/p>\n\n\n\n<p class=\"is-style-text-subtitle has-montserrat-font-family has-small-font-size is-style-text-subtitle--10\" style=\"font-style:normal;font-weight:500\">Presentaci\u00f3n:<br>Bolsas de 1 kg.<br>Bolsa de 500 gr.<br>Bolsa de 250 gr.<br><\/p>\n\n\n\n<p class=\"has-small-font-size\" style=\"line-height:0.4\">1kg \/ COD: 10140060<\/p>\n\n\n\n<p class=\"has-small-font-size\" style=\"line-height:0.4\">500gr \/ COD: 10140062<\/p>\n\n\n\n<p>250gr\/ COD: 10140067<\/p>\n\n\n\n<div class=\"wp-block-buttons is-layout-flex wp-block-buttons-is-layout-flex\">\n<div class=\"wp-block-button\"><a class=\"wp-block-button__link wp-element-button\" href=\"https:\/\/wa.link\/u7yddq\" target=\"_blank\" rel=\"noreferrer noopener\">Hacer pedido<\/a><\/div>\n<\/div>\n<\/div><\/div>\n","protected":false},"excerpt":{"rendered":"<p>CHOCOLATER\u00cdA<\/p>\n","protected":false},"author":1,"featured_media":0,"parent":0,"menu_order":0,"comment_status":"closed","ping_status":"closed","template":"","meta":{"footnotes":""},"class_list":["post-412","page","type-page","status-publish","hentry"],"_links":{"self":[{"href":"https:\/\/sensorialsrl.com\/index.php\/wp-json\/wp\/v2\/pages\/412","targetHints":{"allow":["GET"]}}],"collection":[{"href":"https:\/\/sensorialsrl.com\/index.php\/wp-json\/wp\/v2\/pages"}],"about":[{"href":"https:\/\/sensorialsrl.com\/index.php\/wp-json\/wp\/v2\/types\/page"}],"author":[{"embeddable":true,"href":"https:\/\/sensorialsrl.com\/index.php\/wp-json\/wp\/v2\/users\/1"}],"replies":[{"embeddable":true,"href":"https:\/\/sensorialsrl.com\/index.php\/wp-json\/wp\/v2\/comments?post=412"}],"version-history":[{"count":2,"href":"https:\/\/sensorialsrl.com\/index.php\/wp-json\/wp\/v2\/pages\/412\/revisions"}],"predecessor-version":[{"id":502,"href":"https:\/\/sensorialsrl.com\/index.php\/wp-json\/wp\/v2\/pages\/412\/revisions\/502"}],"wp:attachment":[{"href":"https:\/\/sensorialsrl.com\/index.php\/wp-json\/wp\/v2\/media?parent=412"}],"curies":[{"name":"wp","href":"https:\/\/api.w.org\/{rel}","templated":true}]}}