{"id":422,"date":"2025-04-10T13:21:10","date_gmt":"2025-04-10T13:21:10","guid":{"rendered":"https:\/\/sensorialsrl.com\/?page_id=422"},"modified":"2025-04-25T21:21:47","modified_gmt":"2025-04-25T21:21:47","slug":"espe","status":"publish","type":"page","link":"https:\/\/sensorialsrl.com\/index.php\/espe\/","title":{"rendered":""},"content":{"rendered":"\n<h1 class=\"wp-block-heading alignfull has-text-align-center has-base-color has-text-color has-background has-link-color has-xx-large-font-size wp-elements-b965480fe0b937ceda9fb00321f095ee\" style=\"background:linear-gradient(135deg,rgb(120,120,80) 0%,rgb(166,166,113) 100%);font-style:normal;font-weight:800\">ESPESANTES<\/h1>\n\n\n\n<div class=\"wp-block-media-text alignfull is-stacked-on-mobile\"><figure class=\"wp-block-media-text__media\"><img fetchpriority=\"high\" decoding=\"async\" width=\"1024\" height=\"1024\" src=\"https:\/\/sensorialsrl.com\/wp-content\/uploads\/2025\/04\/goma-xantana-1024x1024.jpg\" alt=\"\" class=\"wp-image-219 size-full\" srcset=\"https:\/\/sensorialsrl.com\/wp-content\/uploads\/2025\/04\/goma-xantana-1024x1024.jpg 1024w, https:\/\/sensorialsrl.com\/wp-content\/uploads\/2025\/04\/goma-xantana-300x300.jpg 300w, https:\/\/sensorialsrl.com\/wp-content\/uploads\/2025\/04\/goma-xantana-100x100.jpg 100w, https:\/\/sensorialsrl.com\/wp-content\/uploads\/2025\/04\/goma-xantana-600x600.jpg 600w, https:\/\/sensorialsrl.com\/wp-content\/uploads\/2025\/04\/goma-xantana-150x150.jpg 150w, https:\/\/sensorialsrl.com\/wp-content\/uploads\/2025\/04\/goma-xantana-768x768.jpg 768w, https:\/\/sensorialsrl.com\/wp-content\/uploads\/2025\/04\/goma-xantana.jpg 1080w\" sizes=\"(max-width: 1024px) 100vw, 1024px\" \/><\/figure><div class=\"wp-block-media-text__content\">\n<p class=\"has-xx-large-font-size\" style=\"font-style:normal;font-weight:800\">GOMA XANTANA<\/p>\n\n\n\n<p class=\"is-style-text-subtitle has-montserrat-font-family has-small-font-size is-style-text-subtitle--1\" style=\"line-height:1.3\">\u00b7 Es un espesante en polvo, se utiliza como estabilizante, espesante, emulsionante y agente gelificante. Es muy \u00fatil en la elaboraci\u00f3n de diferentes productos, como salsas, bebidas, panes y postres, ya que ayuda a mantener la consistencia y textura adecuadas.<\/p>\n\n\n\n<p class=\"is-style-text-subtitle has-montserrat-font-family has-small-font-size is-style-text-subtitle--2\" style=\"line-height:1.3\">&#8211; Productos Horneados Sin Gluten: Como espesante es esencial para mejorar la textura y la consistencia.<br>&#8211; Helados: Act\u00faa como emulsionante para favorecer la formaci\u00f3n de micro burbujas de aire que dan volumen y ligereza al helado.<br>&#8211; Cocteler\u00eda: Permite que las frutas o part\u00edculas de color permanezcan en suspensi\u00f3n estable.<br>&#8211; Espumas y mousses: Se puede mantener m\u00e1s tiempo.<\/p>\n\n\n\n<p class=\"is-style-text-subtitle has-montserrat-font-family has-small-font-size is-style-text-subtitle--3\" style=\"font-style:normal;font-weight:500;line-height:1.3\">DOSIFICACI\u00d3N<br>1 gr. a 5 gr. Por cada litro o kilo de preparaci\u00f3n.<\/p>\n\n\n\n<p class=\"is-style-text-subtitle has-montserrat-font-family has-small-font-size is-style-text-subtitle--4\" style=\"font-style:normal;font-weight:500\">Presentaci\u00f3n:<br>Saco de 25 Kg.<br>Bolsa de 1 Kg.<br>Bolsa de 500 gr.<br>Bolsa de 250 gr.<br>Bolsa de 100 gr.<\/p>\n\n\n\n<p>COD:<\/p>\n\n\n\n<div class=\"wp-block-buttons is-layout-flex wp-block-buttons-is-layout-flex\">\n<div class=\"wp-block-button\"><a class=\"wp-block-button__link wp-element-button\" href=\"https:\/\/wa.link\/u7yddq\" target=\"_blank\" rel=\"noreferrer noopener\">Hacer pedido<\/a><\/div>\n<\/div>\n<\/div><\/div>\n\n\n\n<div class=\"wp-block-media-text alignfull is-stacked-on-mobile\"><figure class=\"wp-block-media-text__media\"><img decoding=\"async\" width=\"1024\" height=\"1024\" src=\"https:\/\/sensorialsrl.com\/wp-content\/uploads\/2025\/04\/gelatina-neutra-1-1024x1024.jpg\" alt=\"\" class=\"wp-image-221 size-full\" srcset=\"https:\/\/sensorialsrl.com\/wp-content\/uploads\/2025\/04\/gelatina-neutra-1-1024x1024.jpg 1024w, https:\/\/sensorialsrl.com\/wp-content\/uploads\/2025\/04\/gelatina-neutra-1-300x300.jpg 300w, https:\/\/sensorialsrl.com\/wp-content\/uploads\/2025\/04\/gelatina-neutra-1-100x100.jpg 100w, https:\/\/sensorialsrl.com\/wp-content\/uploads\/2025\/04\/gelatina-neutra-1-600x600.jpg 600w, https:\/\/sensorialsrl.com\/wp-content\/uploads\/2025\/04\/gelatina-neutra-1-150x150.jpg 150w, https:\/\/sensorialsrl.com\/wp-content\/uploads\/2025\/04\/gelatina-neutra-1-768x768.jpg 768w, https:\/\/sensorialsrl.com\/wp-content\/uploads\/2025\/04\/gelatina-neutra-1.jpg 1080w\" sizes=\"(max-width: 1024px) 100vw, 1024px\" \/><\/figure><div class=\"wp-block-media-text__content\">\n<p class=\"has-xx-large-font-size\" style=\"font-style:normal;font-weight:800\">GELATINA NEUTRA<\/p>\n\n\n\n<p class=\"has-text-align-justify is-style-text-subtitle has-montserrat-font-family has-small-font-size is-style-text-subtitle--5\" style=\"line-height:1.3\">\u00b7 Col\u00e1geno sin sabor ideal para elaboraci\u00f3n de gelatinas, decoraci\u00f3n de tortas, postres, salte\u00f1as.<br>\u00b7 La gelatina se utiliza como sellador natural contra la p\u00e9rdida de humedad y como espesante para tus prepraciones.<\/p>\n\n\n\n<p class=\"is-style-text-subtitle has-montserrat-font-family has-small-font-size is-style-text-subtitle--6\" style=\"font-style:normal;font-weight:500\">Presentaci\u00f3n:<br>Saco de 25 kg.<br>Bolsa de 1 kg.<br>Bolsa de 500 gr.<\/p>\n\n\n\n<p>COD:<\/p>\n\n\n\n<div class=\"wp-block-buttons is-layout-flex wp-block-buttons-is-layout-flex\">\n<div class=\"wp-block-button\"><a class=\"wp-block-button__link wp-element-button\" href=\"https:\/\/wa.link\/u7yddq\" target=\"_blank\" rel=\"noreferrer noopener\">Hacer pedido<\/a><\/div>\n<\/div>\n<\/div><\/div>\n\n\n\n<div class=\"wp-block-media-text alignfull is-stacked-on-mobile\"><figure class=\"wp-block-media-text__media\"><img decoding=\"async\" width=\"1024\" height=\"1024\" src=\"https:\/\/sensorialsrl.com\/wp-content\/uploads\/2025\/04\/propionato-de-calcio-1-1024x1024.jpg\" alt=\"\" class=\"wp-image-222 size-full\" srcset=\"https:\/\/sensorialsrl.com\/wp-content\/uploads\/2025\/04\/propionato-de-calcio-1-1024x1024.jpg 1024w, https:\/\/sensorialsrl.com\/wp-content\/uploads\/2025\/04\/propionato-de-calcio-1-300x300.jpg 300w, https:\/\/sensorialsrl.com\/wp-content\/uploads\/2025\/04\/propionato-de-calcio-1-100x100.jpg 100w, https:\/\/sensorialsrl.com\/wp-content\/uploads\/2025\/04\/propionato-de-calcio-1-600x600.jpg 600w, https:\/\/sensorialsrl.com\/wp-content\/uploads\/2025\/04\/propionato-de-calcio-1-150x150.jpg 150w, https:\/\/sensorialsrl.com\/wp-content\/uploads\/2025\/04\/propionato-de-calcio-1-768x768.jpg 768w, https:\/\/sensorialsrl.com\/wp-content\/uploads\/2025\/04\/propionato-de-calcio-1.jpg 1080w\" sizes=\"(max-width: 1024px) 100vw, 1024px\" \/><\/figure><div class=\"wp-block-media-text__content\">\n<p class=\"has-xx-large-font-size\" style=\"font-style:normal;font-weight:800\">PROPIONATO DE CALCIO<\/p>\n\n\n\n<p class=\"is-style-text-subtitle has-montserrat-font-family has-small-font-size is-style-text-subtitle--7\" style=\"line-height:1.3\">\u00b7 Se utiliza para evitar el crecimiento de mohos en productos de panader\u00eda, alimentos para animales, tabaco y productos farmac\u00e9uticos.<br>\u00b7 Se utiliza directamente en la preparaci\u00f3n de la masa.<\/p>\n\n\n\n<p class=\"has-montserrat-font-family has-small-font-size\" style=\"font-style:normal;font-weight:500\">DOSIFICACI\u00d3N<br>1,5 a 3,2 gr por 50 kg de harina.<\/p>\n\n\n\n<p class=\"is-style-text-subtitle has-montserrat-font-family has-small-font-size is-style-text-subtitle--8\" style=\"font-style:normal;font-weight:500\">Presentaci\u00f3n:<br>Saco de 25 kg.<br>Bolsa de 1 kg.<br>Bolsa de 500 gr.<\/p>\n\n\n\n<p>COD:<\/p>\n\n\n\n<div class=\"wp-block-buttons is-layout-flex wp-block-buttons-is-layout-flex\">\n<div class=\"wp-block-button\"><a class=\"wp-block-button__link wp-element-button\" href=\"https:\/\/wa.link\/u7yddq\" target=\"_blank\" rel=\"noreferrer noopener\">Hacer pedido<\/a><\/div>\n<\/div>\n<\/div><\/div>\n","protected":false},"excerpt":{"rendered":"<p>ESPESANTES<\/p>\n","protected":false},"author":1,"featured_media":0,"parent":0,"menu_order":0,"comment_status":"closed","ping_status":"closed","template":"","meta":{"footnotes":""},"class_list":["post-422","page","type-page","status-publish","hentry"],"_links":{"self":[{"href":"https:\/\/sensorialsrl.com\/index.php\/wp-json\/wp\/v2\/pages\/422","targetHints":{"allow":["GET"]}}],"collection":[{"href":"https:\/\/sensorialsrl.com\/index.php\/wp-json\/wp\/v2\/pages"}],"about":[{"href":"https:\/\/sensorialsrl.com\/index.php\/wp-json\/wp\/v2\/types\/page"}],"author":[{"embeddable":true,"href":"https:\/\/sensorialsrl.com\/index.php\/wp-json\/wp\/v2\/users\/1"}],"replies":[{"embeddable":true,"href":"https:\/\/sensorialsrl.com\/index.php\/wp-json\/wp\/v2\/comments?post=422"}],"version-history":[{"count":3,"href":"https:\/\/sensorialsrl.com\/index.php\/wp-json\/wp\/v2\/pages\/422\/revisions"}],"predecessor-version":[{"id":635,"href":"https:\/\/sensorialsrl.com\/index.php\/wp-json\/wp\/v2\/pages\/422\/revisions\/635"}],"wp:attachment":[{"href":"https:\/\/sensorialsrl.com\/index.php\/wp-json\/wp\/v2\/media?parent=422"}],"curies":[{"name":"wp","href":"https:\/\/api.w.org\/{rel}","templated":true}]}}