{"id":749,"date":"2026-01-19T19:53:26","date_gmt":"2026-01-19T19:53:26","guid":{"rendered":"https:\/\/sensorialsrl.com\/?page_id=749"},"modified":"2026-01-19T20:31:31","modified_gmt":"2026-01-19T20:31:31","slug":"cursos","status":"publish","type":"page","link":"https:\/\/sensorialsrl.com\/index.php\/cursos\/","title":{"rendered":"cursos"},"content":{"rendered":"\n<div class=\"wp-block-media-text alignwide is-stacked-on-mobile\"><figure class=\"wp-block-media-text__media\"><img fetchpriority=\"high\" decoding=\"async\" width=\"1024\" height=\"768\" src=\"https:\/\/sensorialsrl.com\/wp-content\/uploads\/2026\/01\/KUKDFELEKZAE3JJ4UQ2Y43MIGY-1024x768.avif\" alt=\"\" class=\"wp-image-750 size-full\" srcset=\"https:\/\/sensorialsrl.com\/wp-content\/uploads\/2026\/01\/KUKDFELEKZAE3JJ4UQ2Y43MIGY-1024x768.avif 1024w, https:\/\/sensorialsrl.com\/wp-content\/uploads\/2026\/01\/KUKDFELEKZAE3JJ4UQ2Y43MIGY-300x225.avif 300w, https:\/\/sensorialsrl.com\/wp-content\/uploads\/2026\/01\/KUKDFELEKZAE3JJ4UQ2Y43MIGY-768x576.avif 768w, https:\/\/sensorialsrl.com\/wp-content\/uploads\/2026\/01\/KUKDFELEKZAE3JJ4UQ2Y43MIGY-1536x1152.avif 1536w, https:\/\/sensorialsrl.com\/wp-content\/uploads\/2026\/01\/KUKDFELEKZAE3JJ4UQ2Y43MIGY-600x450.avif 600w, https:\/\/sensorialsrl.com\/wp-content\/uploads\/2026\/01\/KUKDFELEKZAE3JJ4UQ2Y43MIGY.avif 1960w\" sizes=\"(max-width: 1024px) 100vw, 1024px\" \/><\/figure><div class=\"wp-block-media-text__content\">\n<p class=\"has-x-large-font-size\"><strong>CURSO DE HAMBURGUESAS<\/strong><\/p>\n\n\n\n<p class=\"has-small-font-size\">En nuestro curso exclusivo de Prote\u00edna Texturizada de Soya (PTS) vas a descubrir c\u00f3mo transformar este ingrediente en una soluci\u00f3n deliciosa, rentable y lista para escalar tu producci\u00f3n.<\/p>\n\n\n\n<p class=\"has-small-font-size\"><strong>Fecha:<\/strong> 19 y 20 de febrero 2026<\/p>\n\n\n\n<div class=\"wp-block-buttons is-content-justification-space-between is-layout-flex wp-container-core-buttons-is-layout-b2891da8 wp-block-buttons-is-layout-flex\">\n<div class=\"wp-block-button has-custom-width wp-block-button__width-75\"><a class=\"wp-block-button__link wp-element-button\" href=\"https:\/\/wa.link\/1mhdrv\">Quiero m\u00e1s informaci\u00f3n<\/a><\/div>\n\n\n\n<div class=\"wp-block-button has-custom-width wp-block-button__width-75\"><a class=\"wp-block-button__link wp-element-button\" href=\"https:\/\/wa.link\/igop5k\">Inscribirse<\/a><\/div>\n<\/div>\n<\/div><\/div>\n","protected":false},"excerpt":{"rendered":"","protected":false},"author":1,"featured_media":0,"parent":0,"menu_order":0,"comment_status":"closed","ping_status":"closed","template":"","meta":{"footnotes":""},"class_list":["post-749","page","type-page","status-publish","hentry"],"_links":{"self":[{"href":"https:\/\/sensorialsrl.com\/index.php\/wp-json\/wp\/v2\/pages\/749","targetHints":{"allow":["GET"]}}],"collection":[{"href":"https:\/\/sensorialsrl.com\/index.php\/wp-json\/wp\/v2\/pages"}],"about":[{"href":"https:\/\/sensorialsrl.com\/index.php\/wp-json\/wp\/v2\/types\/page"}],"author":[{"embeddable":true,"href":"https:\/\/sensorialsrl.com\/index.php\/wp-json\/wp\/v2\/users\/1"}],"replies":[{"embeddable":true,"href":"https:\/\/sensorialsrl.com\/index.php\/wp-json\/wp\/v2\/comments?post=749"}],"version-history":[{"count":6,"href":"https:\/\/sensorialsrl.com\/index.php\/wp-json\/wp\/v2\/pages\/749\/revisions"}],"predecessor-version":[{"id":757,"href":"https:\/\/sensorialsrl.com\/index.php\/wp-json\/wp\/v2\/pages\/749\/revisions\/757"}],"wp:attachment":[{"href":"https:\/\/sensorialsrl.com\/index.php\/wp-json\/wp\/v2\/media?parent=749"}],"curies":[{"name":"wp","href":"https:\/\/api.w.org\/{rel}","templated":true}]}}