{"id":657,"date":"2025-05-02T19:45:10","date_gmt":"2025-05-02T19:45:10","guid":{"rendered":"https:\/\/sensorialsrl.com\/?post_type=product&#038;p=657"},"modified":"2025-05-02T19:47:19","modified_gmt":"2025-05-02T19:47:19","slug":"fiorfiore-crema-pastelera","status":"publish","type":"product","link":"https:\/\/sensorialsrl.com\/index.php\/producto\/fiorfiore-crema-pastelera\/","title":{"rendered":"Fiorfiore Crema Pastelera"},"content":{"rendered":"<h1><strong>Fiorfiore Crema Pastelera<\/strong><\/h1>\n<ul>\n<li>Crema instant\u00e1nea.<\/li>\n<li>Contiene az\u00facar y proporciona sabor y color.<\/li>\n<li>No necesita cocci\u00f3n.<\/li>\n<\/ul>\n<p><strong>DOSIFICACI\u00d3N:<\/strong> Mezclar 370 gr de crema en 1 lt de leche fr\u00eda y luego batir por 7 min (3 min. lento y 4 min. fuerte)<\/p>\n<p>Presentaciones:<\/p>\n<ul>\n<li>Saco de 10 kg.<\/li>\n<li>Bolsa de 1 kg.<\/li>\n<li>Bolsa de 500 gr.<\/li>\n<li>Bolsa de 185 gr.<\/li>\n<\/ul>\n","protected":false},"excerpt":{"rendered":"<p>Crema instant\u00e1nea, contiene az\u00facar y proporciona sabor y color, no necesita cocci\u00f3n.<\/p>\n","protected":false},"featured_media":77,"comment_status":"open","ping_status":"closed","template":"","meta":[],"product_brand":[],"product_cat":[24],"product_tag":[27,47,46,36,33],"class_list":{"0":"post-657","1":"product","2":"type-product","3":"status-publish","4":"has-post-thumbnail","6":"product_cat-pasteleria","7":"product_tag-crema","8":"product_tag-fiorfiore","9":"product_tag-pastelera","10":"product_tag-pasteleria","11":"product_tag-reposteria","13":"first","14":"instock","15":"product-type-external"},"_links":{"self":[{"href":"https:\/\/sensorialsrl.com\/index.php\/wp-json\/wp\/v2\/product\/657","targetHints":{"allow":["GET"]}}],"collection":[{"href":"https:\/\/sensorialsrl.com\/index.php\/wp-json\/wp\/v2\/product"}],"about":[{"href":"https:\/\/sensorialsrl.com\/index.php\/wp-json\/wp\/v2\/types\/product"}],"replies":[{"embeddable":true,"href":"https:\/\/sensorialsrl.com\/index.php\/wp-json\/wp\/v2\/comments?post=657"}],"wp:featuredmedia":[{"embeddable":true,"href":"https:\/\/sensorialsrl.com\/index.php\/wp-json\/wp\/v2\/media\/77"}],"wp:attachment":[{"href":"https:\/\/sensorialsrl.com\/index.php\/wp-json\/wp\/v2\/media?parent=657"}],"wp:term":[{"taxonomy":"product_brand","embeddable":true,"href":"https:\/\/sensorialsrl.com\/index.php\/wp-json\/wp\/v2\/product_brand?post=657"},{"taxonomy":"product_cat","embeddable":true,"href":"https:\/\/sensorialsrl.com\/index.php\/wp-json\/wp\/v2\/product_cat?post=657"},{"taxonomy":"product_tag","embeddable":true,"href":"https:\/\/sensorialsrl.com\/index.php\/wp-json\/wp\/v2\/product_tag?post=657"}],"curies":[{"name":"wp","href":"https:\/\/api.w.org\/{rel}","templated":true}]}}