{"id":667,"date":"2025-05-05T15:06:58","date_gmt":"2025-05-05T15:06:58","guid":{"rendered":"https:\/\/sensorialsrl.com\/?post_type=product&#038;p=667"},"modified":"2025-05-05T15:07:02","modified_gmt":"2025-05-05T15:07:02","slug":"cacao-en-polvo-ariba","status":"publish","type":"product","link":"https:\/\/sensorialsrl.com\/index.php\/producto\/cacao-en-polvo-ariba\/","title":{"rendered":"CACAO EN POLVO ARIBA"},"content":{"rendered":"<ul>\n<li>Cacao alcalino en polvo utilizado en la elaboraci\u00f3n de brownies, muffins, galletas y postres en general.<\/li>\n<li>Utilizado tambi\u00e9n en el \u00e1rea de chocolater\u00eda y cafeter\u00eda.<\/li>\n<li>Alcalino.<\/li>\n<li>100% Cacao.<\/li>\n<\/ul>\n<p>Presentaci\u00f3n:<\/p>\n<ul>\n<li>Bolsas de 1 kg<\/li>\n<li>Bolsa de 500 gr<\/li>\n<li>Bolsa de 250 gr<\/li>\n<\/ul>\n","protected":false},"excerpt":{"rendered":"<p>Cacao alcalino en polvo utilizado en la elaboraci\u00f3n de brownies, muffins, galletas y postres en general.<\/p>\n","protected":false},"featured_media":86,"comment_status":"open","ping_status":"closed","template":"","meta":[],"product_brand":[],"product_cat":[24],"product_tag":[57,55,56,36],"class_list":{"0":"post-667","1":"product","2":"type-product","3":"status-publish","4":"has-post-thumbnail","6":"product_cat-pasteleria","7":"product_tag-ariba","8":"product_tag-cacao","9":"product_tag-chocolate","10":"product_tag-pasteleria","12":"first","13":"instock","14":"product-type-external"},"_links":{"self":[{"href":"https:\/\/sensorialsrl.com\/index.php\/wp-json\/wp\/v2\/product\/667","targetHints":{"allow":["GET"]}}],"collection":[{"href":"https:\/\/sensorialsrl.com\/index.php\/wp-json\/wp\/v2\/product"}],"about":[{"href":"https:\/\/sensorialsrl.com\/index.php\/wp-json\/wp\/v2\/types\/product"}],"replies":[{"embeddable":true,"href":"https:\/\/sensorialsrl.com\/index.php\/wp-json\/wp\/v2\/comments?post=667"}],"wp:featuredmedia":[{"embeddable":true,"href":"https:\/\/sensorialsrl.com\/index.php\/wp-json\/wp\/v2\/media\/86"}],"wp:attachment":[{"href":"https:\/\/sensorialsrl.com\/index.php\/wp-json\/wp\/v2\/media?parent=667"}],"wp:term":[{"taxonomy":"product_brand","embeddable":true,"href":"https:\/\/sensorialsrl.com\/index.php\/wp-json\/wp\/v2\/product_brand?post=667"},{"taxonomy":"product_cat","embeddable":true,"href":"https:\/\/sensorialsrl.com\/index.php\/wp-json\/wp\/v2\/product_cat?post=667"},{"taxonomy":"product_tag","embeddable":true,"href":"https:\/\/sensorialsrl.com\/index.php\/wp-json\/wp\/v2\/product_tag?post=667"}],"curies":[{"name":"wp","href":"https:\/\/api.w.org\/{rel}","templated":true}]}}