{"id":684,"date":"2025-05-05T19:02:51","date_gmt":"2025-05-05T19:02:51","guid":{"rendered":"https:\/\/sensorialsrl.com\/?post_type=product&#038;p=684"},"modified":"2025-05-05T19:02:52","modified_gmt":"2025-05-05T19:02:52","slug":"emulsionante","status":"publish","type":"product","link":"https:\/\/sensorialsrl.com\/index.php\/producto\/emulsionante\/","title":{"rendered":"EMULSIONANTE"},"content":{"rendered":"<ul>\n<li>Mejora el manejo mec\u00e1nico de la masa y reduce el costo, debido a una mayor absorci\u00f3n de agua en el amasado, aumentado en forma considerable la conservaci\u00f3n del producto y la vida \u00fatil.<\/li>\n<li>Se usa en productos de panader\u00eda, pasteler\u00eda, galleter\u00eda, papas deshidratadas, sustitutos de queso, crema no l\u00e1ctea para caf\u00e9, postres, salsas y otros productos alimenticios.<\/li>\n<li>Proporciona m\u00e1s humedad a la masa.<\/li>\n<\/ul>\n<p>DOSIFICACI\u00d3N: 300 a 500 gr\/ 50 kg de harina<\/p>\n<p>Presentaciones:<\/p>\n<ul>\n<li>Balde de 5 kg<\/li>\n<li>Bolsa de 1 kg<\/li>\n<li>Bolsa de 500 gr<\/li>\n<li>Bolsa de 250 gr<\/li>\n<\/ul>\n","protected":false},"excerpt":{"rendered":"<p>Mejora el manejo mec\u00e1nico de la masa y reduce el costo, debido a una mayor absorci\u00f3n de agua en el amasado, aumentado en forma considerable la conservaci\u00f3n del producto y la vida \u00fatil.<\/p>\n","protected":false},"featured_media":136,"comment_status":"open","ping_status":"closed","template":"","meta":[],"product_brand":[],"product_cat":[39,28],"product_tag":[102,105,106,95,52],"class_list":{"0":"post-684","1":"product","2":"type-product","3":"status-publish","4":"has-post-thumbnail","6":"product_cat-heladeria","7":"product_cat-panaderia","8":"product_tag-emulsionante","9":"product_tag-heladeria","10":"product_tag-helado","11":"product_tag-pan","12":"product_tag-panaderia","14":"first","15":"instock","16":"product-type-external"},"_links":{"self":[{"href":"https:\/\/sensorialsrl.com\/index.php\/wp-json\/wp\/v2\/product\/684","targetHints":{"allow":["GET"]}}],"collection":[{"href":"https:\/\/sensorialsrl.com\/index.php\/wp-json\/wp\/v2\/product"}],"about":[{"href":"https:\/\/sensorialsrl.com\/index.php\/wp-json\/wp\/v2\/types\/product"}],"replies":[{"embeddable":true,"href":"https:\/\/sensorialsrl.com\/index.php\/wp-json\/wp\/v2\/comments?post=684"}],"wp:featuredmedia":[{"embeddable":true,"href":"https:\/\/sensorialsrl.com\/index.php\/wp-json\/wp\/v2\/media\/136"}],"wp:attachment":[{"href":"https:\/\/sensorialsrl.com\/index.php\/wp-json\/wp\/v2\/media?parent=684"}],"wp:term":[{"taxonomy":"product_brand","embeddable":true,"href":"https:\/\/sensorialsrl.com\/index.php\/wp-json\/wp\/v2\/product_brand?post=684"},{"taxonomy":"product_cat","embeddable":true,"href":"https:\/\/sensorialsrl.com\/index.php\/wp-json\/wp\/v2\/product_cat?post=684"},{"taxonomy":"product_tag","embeddable":true,"href":"https:\/\/sensorialsrl.com\/index.php\/wp-json\/wp\/v2\/product_tag?post=684"}],"curies":[{"name":"wp","href":"https:\/\/api.w.org\/{rel}","templated":true}]}}