{"id":692,"date":"2025-05-05T19:46:20","date_gmt":"2025-05-05T19:46:20","guid":{"rendered":"https:\/\/sensorialsrl.com\/?post_type=product&#038;p=692"},"modified":"2025-05-05T19:46:20","modified_gmt":"2025-05-05T19:46:20","slug":"proteina-texturizada-de-soya-granulada","status":"publish","type":"product","link":"https:\/\/sensorialsrl.com\/index.php\/producto\/proteina-texturizada-de-soya-granulada\/","title":{"rendered":"PROTEINA TEXTURIZADA DE SOYA GRANULADA"},"content":{"rendered":"<h1>Sustituto de Carne<\/h1>\n<ul>\n<li>Para uso como extensor de la carne y fuente proteica.<\/li>\n<li>Para productos molidos gruesos o medianos (salchicha, alb\u00f3ndiga y hamburguesas).<\/li>\n<li>La proporci\u00f3n de uso es de 2.5% a 5% a\u00f1adi\u00e9ndose directamente a la pasta.<\/li>\n<li>Se utiliza como carne molida en la preparaci\u00f3n de comida vegetariana.<\/li>\n<li>Producto no modificado gen\u00e9ticamente.<\/li>\n<li>Absorbe agua 3 veces su peso.<\/li>\n<\/ul>\n<p>Presentaciones:<\/p>\n<ul>\n<li>Saco de 15 kg<\/li>\n<li>Bolsa de 1 kg<\/li>\n<li>Bolsa de 500 gr<\/li>\n<\/ul>\n","protected":false},"excerpt":{"rendered":"<p>Para productos molidos gruesos o medianos (salchicha, alb\u00f3ndiga y hamburguesas).<\/p>\n","protected":false},"featured_media":161,"comment_status":"open","ping_status":"closed","template":"","meta":[],"product_brand":[],"product_cat":[40],"product_tag":[119,120,118,117],"class_list":{"0":"post-692","1":"product","2":"type-product","3":"status-publish","4":"has-post-thumbnail","6":"product_cat-embutidos","7":"product_tag-embutidos","8":"product_tag-granulado","9":"product_tag-proteina","10":"product_tag-pts","12":"first","13":"instock","14":"product-type-external"},"_links":{"self":[{"href":"https:\/\/sensorialsrl.com\/index.php\/wp-json\/wp\/v2\/product\/692","targetHints":{"allow":["GET"]}}],"collection":[{"href":"https:\/\/sensorialsrl.com\/index.php\/wp-json\/wp\/v2\/product"}],"about":[{"href":"https:\/\/sensorialsrl.com\/index.php\/wp-json\/wp\/v2\/types\/product"}],"replies":[{"embeddable":true,"href":"https:\/\/sensorialsrl.com\/index.php\/wp-json\/wp\/v2\/comments?post=692"}],"wp:featuredmedia":[{"embeddable":true,"href":"https:\/\/sensorialsrl.com\/index.php\/wp-json\/wp\/v2\/media\/161"}],"wp:attachment":[{"href":"https:\/\/sensorialsrl.com\/index.php\/wp-json\/wp\/v2\/media?parent=692"}],"wp:term":[{"taxonomy":"product_brand","embeddable":true,"href":"https:\/\/sensorialsrl.com\/index.php\/wp-json\/wp\/v2\/product_brand?post=692"},{"taxonomy":"product_cat","embeddable":true,"href":"https:\/\/sensorialsrl.com\/index.php\/wp-json\/wp\/v2\/product_cat?post=692"},{"taxonomy":"product_tag","embeddable":true,"href":"https:\/\/sensorialsrl.com\/index.php\/wp-json\/wp\/v2\/product_tag?post=692"}],"curies":[{"name":"wp","href":"https:\/\/api.w.org\/{rel}","templated":true}]}}