{"id":701,"date":"2025-05-06T14:24:53","date_gmt":"2025-05-06T14:24:53","guid":{"rendered":"https:\/\/sensorialsrl.com\/?post_type=product&#038;p=701"},"modified":"2025-11-07T04:51:39","modified_gmt":"2025-11-07T04:51:39","slug":"chips-de-chocolate","status":"publish","type":"product","link":"https:\/\/sensorialsrl.com\/index.php\/producto\/chips-de-chocolate\/","title":{"rendered":"Chips de Chocolate"},"content":{"rendered":"<ul>\n<li>Chips de chocolate ideales para decoraci\u00f3n, bomboner\u00eda, caf\u00e9s, helados, elaboraci\u00f3n de panetones, galletas, etc.<\/li>\n<li>Elaborado a base de grasa vegetal.<\/li>\n<li>Sabor Semi amargo.<\/li>\n<\/ul>\n<p>Presentaciones:<\/p>\n<ul>\n<li>Caja de 20 kg<\/li>\n<li>Bolsa de 1 kg<\/li>\n<li>Bolsa de 500 gr<\/li>\n<\/ul>\n","protected":false},"excerpt":{"rendered":"<p>Chips de chocolate ideales para decoraci\u00f3n, bomboner\u00eda, caf\u00e9s, helados, elaboraci\u00f3n de panetonnes, galletas, etc.<\/p>\n","protected":false},"featured_media":182,"comment_status":"open","ping_status":"closed","template":"","meta":[],"product_brand":[],"product_cat":[41,29,39,24],"product_tag":[131,137,56,68,105,36],"class_list":{"0":"post-701","1":"product","2":"type-product","3":"status-publish","4":"has-post-thumbnail","6":"product_cat-cafeteria","7":"product_cat-chocolateria","8":"product_cat-heladeria","9":"product_cat-pasteleria","10":"product_tag-cafeteria","11":"product_tag-chips","12":"product_tag-chocolate","13":"product_tag-chocolateria","14":"product_tag-heladeria","15":"product_tag-pasteleria","17":"first","18":"instock","19":"product-type-external"},"_links":{"self":[{"href":"https:\/\/sensorialsrl.com\/index.php\/wp-json\/wp\/v2\/product\/701","targetHints":{"allow":["GET"]}}],"collection":[{"href":"https:\/\/sensorialsrl.com\/index.php\/wp-json\/wp\/v2\/product"}],"about":[{"href":"https:\/\/sensorialsrl.com\/index.php\/wp-json\/wp\/v2\/types\/product"}],"replies":[{"embeddable":true,"href":"https:\/\/sensorialsrl.com\/index.php\/wp-json\/wp\/v2\/comments?post=701"}],"wp:featuredmedia":[{"embeddable":true,"href":"https:\/\/sensorialsrl.com\/index.php\/wp-json\/wp\/v2\/media\/182"}],"wp:attachment":[{"href":"https:\/\/sensorialsrl.com\/index.php\/wp-json\/wp\/v2\/media?parent=701"}],"wp:term":[{"taxonomy":"product_brand","embeddable":true,"href":"https:\/\/sensorialsrl.com\/index.php\/wp-json\/wp\/v2\/product_brand?post=701"},{"taxonomy":"product_cat","embeddable":true,"href":"https:\/\/sensorialsrl.com\/index.php\/wp-json\/wp\/v2\/product_cat?post=701"},{"taxonomy":"product_tag","embeddable":true,"href":"https:\/\/sensorialsrl.com\/index.php\/wp-json\/wp\/v2\/product_tag?post=701"}],"curies":[{"name":"wp","href":"https:\/\/api.w.org\/{rel}","templated":true}]}}