{"id":707,"date":"2025-05-06T16:25:28","date_gmt":"2025-05-06T16:25:28","guid":{"rendered":"https:\/\/sensorialsrl.com\/?post_type=product&#038;p=707"},"modified":"2025-05-06T16:25:30","modified_gmt":"2025-05-06T16:25:30","slug":"aromas-liquidos-sin-color","status":"publish","type":"product","link":"https:\/\/sensorialsrl.com\/index.php\/producto\/aromas-liquidos-sin-color\/","title":{"rendered":"Aromas L\u00edquidos Sin Color"},"content":{"rendered":"<p>Aromas id\u00e9nticos a los naturales.<\/p>\n<p>Son ideales para dar sabor y olor a las preparaciones en reposter\u00eda, panader\u00eda, helader\u00eda, entre otros.<\/p>\n<p>Indicado tanto para preparaciones en caliente, como en fr\u00edas (batidos, helados, refrescos, etc.).<\/p>\n<p>Sabores disponibles:<\/p>\n<ul>\n<li>Banana<\/li>\n<li>Canela<\/li>\n<li>Chicle<\/li>\n<li>Cereza<\/li>\n<li>Chirimoya<\/li>\n<li>Chocolate<\/li>\n<li>Coco<\/li>\n<li>Dulce de leche<\/li>\n<li>Durazno<\/li>\n<li>Frutilla<\/li>\n<li>Leche condensada<\/li>\n<li>Limon<\/li>\n<li>Mango<\/li>\n<li>Manzana<\/li>\n<li>Maracuy\u00e1<\/li>\n<li>Menta piperita<\/li>\n<li>Moca<\/li>\n<li>Naranja<\/li>\n<li>Nuez<\/li>\n<li>Panet\u00f3n<\/li>\n<li>Pi\u00f1a<\/li>\n<li>Ron<\/li>\n<li>Jamaica<\/li>\n<li>Uva<\/li>\n<li>Vainilla<\/li>\n<li>Vodka<\/li>\n<li>Azhar<\/li>\n<\/ul>\n<p>DOSIFICACI\u00d3N: Dependen \u00fanicamente de las particularidades de cada proceso productivo.<\/p>\n<p>Presentaci\u00f3n:<\/p>\n<ul>\n<li>Bote de 1 lt<\/li>\n<li>Bote de 500 ml<\/li>\n<li>Bote de 100 gr.<\/li>\n<li>Bote de 30 gr.<\/li>\n<\/ul>\n","protected":false},"excerpt":{"rendered":"<p>Aromas id\u00e9nticos a los naturales. Son ideales para dar sabor y olor a las preparaciones en reposter\u00eda, panader\u00eda, helader\u00eda, entre otros. Indicado tanto para preparaciones en caliente, como en fr\u00edas (batidos, helados, refrescos, etc.). Sabores disponibles: Banana Canela Chicle Cereza Chirimoya Chocolate Coco Dulce de leche Durazno Frutilla Leche condensada Limon Mango Manzana Maracuy\u00e1 Menta piperita Moca Naranja Nuez Panet\u00f3n Pi\u00f1a Ron Jamaica Uva Vainilla Vodka Azhar DOSIFICACI\u00d3N: Dependen \u00fanicamente de las particularidades de cada proceso productivo. Presentaci\u00f3n: Bote de 1 lt Bote de 500 ml Bote de 100 gr. Bote de 30 gr.<\/p>\n","protected":false},"featured_media":193,"comment_status":"open","ping_status":"closed","template":"","meta":[],"product_brand":[],"product_cat":[43,24],"product_tag":[141,142,36,143],"class_list":{"0":"post-707","1":"product","2":"type-product","3":"status-publish","4":"has-post-thumbnail","6":"product_cat-aromas","7":"product_cat-pasteleria","8":"product_tag-aromas","9":"product_tag-liquido","10":"product_tag-pasteleria","11":"product_tag-sincolor","13":"first","14":"instock","15":"product-type-external"},"_links":{"self":[{"href":"https:\/\/sensorialsrl.com\/index.php\/wp-json\/wp\/v2\/product\/707","targetHints":{"allow":["GET"]}}],"collection":[{"href":"https:\/\/sensorialsrl.com\/index.php\/wp-json\/wp\/v2\/product"}],"about":[{"href":"https:\/\/sensorialsrl.com\/index.php\/wp-json\/wp\/v2\/types\/product"}],"replies":[{"embeddable":true,"href":"https:\/\/sensorialsrl.com\/index.php\/wp-json\/wp\/v2\/comments?post=707"}],"wp:featuredmedia":[{"embeddable":true,"href":"https:\/\/sensorialsrl.com\/index.php\/wp-json\/wp\/v2\/media\/193"}],"wp:attachment":[{"href":"https:\/\/sensorialsrl.com\/index.php\/wp-json\/wp\/v2\/media?parent=707"}],"wp:term":[{"taxonomy":"product_brand","embeddable":true,"href":"https:\/\/sensorialsrl.com\/index.php\/wp-json\/wp\/v2\/product_brand?post=707"},{"taxonomy":"product_cat","embeddable":true,"href":"https:\/\/sensorialsrl.com\/index.php\/wp-json\/wp\/v2\/product_cat?post=707"},{"taxonomy":"product_tag","embeddable":true,"href":"https:\/\/sensorialsrl.com\/index.php\/wp-json\/wp\/v2\/product_tag?post=707"}],"curies":[{"name":"wp","href":"https:\/\/api.w.org\/{rel}","templated":true}]}}