{"id":709,"date":"2025-05-06T19:32:45","date_gmt":"2025-05-06T19:32:45","guid":{"rendered":"https:\/\/sensorialsrl.com\/?post_type=product&#038;p=709"},"modified":"2025-05-06T19:32:46","modified_gmt":"2025-05-06T19:32:46","slug":"goma-xantana","status":"publish","type":"product","link":"https:\/\/sensorialsrl.com\/index.php\/producto\/goma-xantana\/","title":{"rendered":"Goma Xantana"},"content":{"rendered":"<ul>\n<li>Es un espesante en polvo, se utiliza como estabilizante, espesante, emulsionante y agente gelificante.<\/li>\n<li>Es muy \u00fatil en la elaboraci\u00f3n de diferentes productos, como salsas, bebidas, panes y postres, ya que ayuda a mantener la consistencia y textura adecuadas.<\/li>\n<li>Productos Horneados Sin Gluten: Como espesante es esencial para mejorar la textura y la consistencia.<\/li>\n<li>Helados: Act\u00faa como emulsionante para favorecer la formaci\u00f3n de micro burbujas de aire que dan volumen y ligereza al helado.<\/li>\n<li>Cocteler\u00eda: Permite que las frutas o part\u00edculas de color permanezcan en suspensi\u00f3n estable.<\/li>\n<li>Espumas y mousses: Se puede mantener m\u00e1s tiempo.<\/li>\n<\/ul>\n<p>DOSIFICACI\u00d3N: 1 gr. a 5 gr. por cada litro o kilo de preparaci\u00f3n.<\/p>\n<p>Presentaciones:<\/p>\n<ul>\n<li>Saco de 25 kg<\/li>\n<li>Bolsa de 1 kg<\/li>\n<li>Bolsa de 500 gr<\/li>\n<li>Bolsa de 250 gr<\/li>\n<li>Bolsa de 100 gr<\/li>\n<\/ul>\n","protected":false},"excerpt":{"rendered":"<p>Es muy \u00fatil en la elaboraci\u00f3n de diferentes productos, como salsas, bebidas, panes y postres, ya que ayuda a mantener la consistencia y textura adecuadas.<\/p>\n","protected":false},"featured_media":219,"comment_status":"open","ping_status":"closed","template":"","meta":[],"product_brand":[],"product_cat":[44,39],"product_tag":[150,149,105,148],"class_list":{"0":"post-709","1":"product","2":"type-product","3":"status-publish","4":"has-post-thumbnail","6":"product_cat-espesantes","7":"product_cat-heladeria","8":"product_tag-espesante","9":"product_tag-goma","10":"product_tag-heladeria","11":"product_tag-xantana","13":"first","14":"instock","15":"product-type-external"},"_links":{"self":[{"href":"https:\/\/sensorialsrl.com\/index.php\/wp-json\/wp\/v2\/product\/709","targetHints":{"allow":["GET"]}}],"collection":[{"href":"https:\/\/sensorialsrl.com\/index.php\/wp-json\/wp\/v2\/product"}],"about":[{"href":"https:\/\/sensorialsrl.com\/index.php\/wp-json\/wp\/v2\/types\/product"}],"replies":[{"embeddable":true,"href":"https:\/\/sensorialsrl.com\/index.php\/wp-json\/wp\/v2\/comments?post=709"}],"wp:featuredmedia":[{"embeddable":true,"href":"https:\/\/sensorialsrl.com\/index.php\/wp-json\/wp\/v2\/media\/219"}],"wp:attachment":[{"href":"https:\/\/sensorialsrl.com\/index.php\/wp-json\/wp\/v2\/media?parent=709"}],"wp:term":[{"taxonomy":"product_brand","embeddable":true,"href":"https:\/\/sensorialsrl.com\/index.php\/wp-json\/wp\/v2\/product_brand?post=709"},{"taxonomy":"product_cat","embeddable":true,"href":"https:\/\/sensorialsrl.com\/index.php\/wp-json\/wp\/v2\/product_cat?post=709"},{"taxonomy":"product_tag","embeddable":true,"href":"https:\/\/sensorialsrl.com\/index.php\/wp-json\/wp\/v2\/product_tag?post=709"}],"curies":[{"name":"wp","href":"https:\/\/api.w.org\/{rel}","templated":true}]}}