{"id":722,"date":"2025-07-08T14:34:32","date_gmt":"2025-07-08T14:34:32","guid":{"rendered":"https:\/\/sensorialsrl.com\/?post_type=product&#038;p=722"},"modified":"2026-02-02T21:41:48","modified_gmt":"2026-02-02T21:41:48","slug":"best-baker-levadura-instantanea","status":"publish","type":"product","link":"https:\/\/sensorialsrl.com\/index.php\/producto\/best-baker-levadura-instantanea\/","title":{"rendered":"Best Baker &#8211; Levadura Instantanea"},"content":{"rendered":"<p>Tiene un poder fermentativo \u00f3ptimo que permite mayor rendimiento debido a su constante calidad. Tiene fuerza fermentativa constante en el tiempo &#8211; Alto rendimiento de la masa. Sin abrir no necesita refrigeraci\u00f3n. Cerrado al vac\u00edo, se conserva hasta dos a\u00f1os. Uso en todo tipo de panes (dulces y salados). No necesita activar.<\/p>\n<p>DOSIFICACI\u00d3N: 145 gr (1 vaso Instant succes) equivale a 500 gr (1 paquete levadura fresca)<\/p>\n<p><strong>Presentaci\u00f3n:<\/strong><\/p>\n<p>Sobre de 500 gr.<\/p>\n<p>Caja de 20 Unidades de 500 gr.<\/p>\n","protected":false},"excerpt":{"rendered":"<p>Tiene un poder fermentativo \u00f3ptimo que permite mayor rendimiento debido a su constante calidad.<\/p>\n","protected":false},"featured_media":723,"comment_status":"open","ping_status":"closed","template":"","meta":[],"product_brand":[],"product_cat":[28],"product_tag":[151,30,52],"class_list":{"0":"post-722","1":"product","2":"type-product","3":"status-publish","4":"has-post-thumbnail","6":"product_cat-panaderia","7":"product_tag-bestbaker","8":"product_tag-levadura","9":"product_tag-panaderia","11":"first","12":"instock","13":"taxable","14":"shipping-taxable","15":"product-type-external"},"_links":{"self":[{"href":"https:\/\/sensorialsrl.com\/index.php\/wp-json\/wp\/v2\/product\/722","targetHints":{"allow":["GET"]}}],"collection":[{"href":"https:\/\/sensorialsrl.com\/index.php\/wp-json\/wp\/v2\/product"}],"about":[{"href":"https:\/\/sensorialsrl.com\/index.php\/wp-json\/wp\/v2\/types\/product"}],"replies":[{"embeddable":true,"href":"https:\/\/sensorialsrl.com\/index.php\/wp-json\/wp\/v2\/comments?post=722"}],"wp:featuredmedia":[{"embeddable":true,"href":"https:\/\/sensorialsrl.com\/index.php\/wp-json\/wp\/v2\/media\/723"}],"wp:attachment":[{"href":"https:\/\/sensorialsrl.com\/index.php\/wp-json\/wp\/v2\/media?parent=722"}],"wp:term":[{"taxonomy":"product_brand","embeddable":true,"href":"https:\/\/sensorialsrl.com\/index.php\/wp-json\/wp\/v2\/product_brand?post=722"},{"taxonomy":"product_cat","embeddable":true,"href":"https:\/\/sensorialsrl.com\/index.php\/wp-json\/wp\/v2\/product_cat?post=722"},{"taxonomy":"product_tag","embeddable":true,"href":"https:\/\/sensorialsrl.com\/index.php\/wp-json\/wp\/v2\/product_tag?post=722"}],"curies":[{"name":"wp","href":"https:\/\/api.w.org\/{rel}","templated":true}]}}